{"id":28,"date":"2025-01-31T07:59:31","date_gmt":"2025-01-31T13:59:31","guid":{"rendered":"https:\/\/cool.artereciclada.com.br\/?page_id=28"},"modified":"2025-04-28T18:47:58","modified_gmt":"2025-04-28T21:47:58","slug":"contact-us","status":"publish","type":"page","link":"https:\/\/cool.artereciclada.com.br\/en_gb\/contact-us\/","title":{"rendered":"Contato"},"content":{"rendered":"<p>Ol\u00e1! \ud83d\ude0a Precisa entrar em contato conosco? Estamos aqui para ajudar! Entre em contato conosco pelos seguintes canais:<\/p>\n\n\n\n<h2 class=\"wp-block-heading\"><strong>E-mail<\/strong><\/h2>\n\n\n\n<p>Para d\u00favidas, sugest\u00f5es ou qualquer outra informa\u00e7\u00e3o, envie um e-mail para:<br>contato@artereciclada.com.br<\/p>\n\n\n\n<h2 class=\"wp-block-heading\"><strong>Hor\u00e1rio de Atendimento<\/strong><\/h2>\n\n\n\n<p>De segunda a sexta-feira, das 8h \u00e0s 17h.<\/p>\n\n\n\n<p>Envie-nos sua mensagem e responderemos o mais r\u00e1pido poss\u00edvel. Queremos garantir que voc\u00ea tenha a melhor experi\u00eancia com o <strong>Cool Arte<\/strong> e possa aproveitar tudo o que oferecemos de <strong>entretenimento<\/strong>, <strong>novelas<\/strong>, <strong>animes<\/strong> e <strong>s\u00e9ries<\/strong>!<\/p>\n\n\n\n<p>Estamos ansiosos para ouvir voc\u00ea e fazer parte da sua jornada art\u00edstica e de entretenimento! \ud83c\udfac\u2728<\/p>\n\n\n\n<p><\/p>","protected":false},"excerpt":{"rendered":"<p>Ol\u00e1! \ud83d\ude0a Precisa entrar em contato conosco? Estamos aqui para ajudar! Entre em contato conosco pelos seguintes canais: E-mail Para d\u00favidas, sugest\u00f5es ou qualquer outra informa\u00e7\u00e3o, envie um e-mail para:contato@artereciclada.com.br Hor\u00e1rio de Atendimento De segunda a sexta-feira, das 8h \u00e0s 17h. Envie-nos sua mensagem e responderemos o mais r\u00e1pido poss\u00edvel. Queremos garantir que voc\u00ea tenha [&hellip;]<\/p>","protected":false},"author":2,"featured_media":60,"parent":0,"menu_order":0,"comment_status":"closed","ping_status":"closed","template":"","meta":{"footnotes":""},"class_list":["post-28","page","type-page","status-publish","has-post-thumbnail","hentry"],"blocksy_meta":[],"_links":{"self":[{"href":"https:\/\/cool.artereciclada.com.br\/en_gb\/wp-json\/wp\/v2\/pages\/28","targetHints":{"allow":["GET"]}}],"collection":[{"href":"https:\/\/cool.artereciclada.com.br\/en_gb\/wp-json\/wp\/v2\/pages"}],"about":[{"href":"https:\/\/cool.artereciclada.com.br\/en_gb\/wp-json\/wp\/v2\/types\/page"}],"author":[{"embeddable":true,"href":"https:\/\/cool.artereciclada.com.br\/en_gb\/wp-json\/wp\/v2\/users\/2"}],"replies":[{"embeddable":true,"href":"https:\/\/cool.artereciclada.com.br\/en_gb\/wp-json\/wp\/v2\/comments?post=28"}],"version-history":[{"count":3,"href":"https:\/\/cool.artereciclada.com.br\/en_gb\/wp-json\/wp\/v2\/pages\/28\/revisions"}],"predecessor-version":[{"id":214,"href":"https:\/\/cool.artereciclada.com.br\/en_gb\/wp-json\/wp\/v2\/pages\/28\/revisions\/214"}],"wp:featuredmedia":[{"embeddable":true,"href":"https:\/\/cool.artereciclada.com.br\/en_gb\/wp-json\/wp\/v2\/media\/60"}],"wp:attachment":[{"href":"https:\/\/cool.artereciclada.com.br\/en_gb\/wp-json\/wp\/v2\/media?parent=28"}],"curies":[{"name":"wp","href":"https:\/\/api.w.org\/{rel}","templated":true}]}}